{"id":1485,"date":"2020-02-14T11:36:54","date_gmt":"2020-02-14T17:36:54","guid":{"rendered":"https:\/\/taraguiviajes.com\/index.php\/home-01-yacht-tour-3\/"},"modified":"2023-10-22T17:02:11","modified_gmt":"2023-10-22T22:02:11","slug":"servicios","status":"publish","type":"page","link":"https:\/\/taraguiviajes.com\/index.php\/servicios\/","title":{"rendered":"Servicios"},"content":{"rendered":"\t\t<div data-elementor-type=\"wp-page\" data-elementor-id=\"1485\" class=\"elementor elementor-1485\">\n\t\t\t\t\t\t\t<div class=\"elementor-element elementor-element-b796513 e-flex e-con-boxed e-con\" data-id=\"b796513\" data-element_type=\"container\" data-settings=\"{&quot;jet_parallax_layout_list&quot;:[],&quot;content_width&quot;:&quot;boxed&quot;}\">\n\t\t\t\t\t<div class=\"e-con-inner\">\n\t\t\t\t<div class=\"elementor-element elementor-element-4a084ca elementor-widget elementor-widget-spacer\" data-id=\"4a084ca\" data-element_type=\"widget\" data-widget_type=\"spacer.default\">\n\t\t\t\t<div class=\"elementor-widget-container\">\n\t\t\t<style>\/*! elementor - v3.14.0 - 26-06-2023 *\/\n.elementor-column .elementor-spacer-inner{height:var(--spacer-size)}.e-con{--container-widget-width:100%}.e-con-inner>.elementor-widget-spacer,.e-con>.elementor-widget-spacer{width:var(--container-widget-width,var(--spacer-size));--align-self:var(--container-widget-align-self,initial);--flex-shrink:0}.e-con-inner>.elementor-widget-spacer>.elementor-widget-container,.e-con-inner>.elementor-widget-spacer>.elementor-widget-container>.elementor-spacer,.e-con>.elementor-widget-spacer>.elementor-widget-container,.e-con>.elementor-widget-spacer>.elementor-widget-container>.elementor-spacer{height:100%}.e-con-inner>.elementor-widget-spacer>.elementor-widget-container>.elementor-spacer>.elementor-spacer-inner,.e-con>.elementor-widget-spacer>.elementor-widget-container>.elementor-spacer>.elementor-spacer-inner{height:var(--container-widget-height,var(--spacer-size))}<\/style>\t\t<div class=\"elementor-spacer\">\n\t\t\t<div class=\"elementor-spacer-inner\"><\/div>\n\t\t<\/div>\n\t\t\t\t<\/div>\n\t\t\t\t<\/div>\n\t\t\t\t\t<\/div>\n\t\t\t\t<\/div>\n\t\t<div class=\"elementor-element elementor-element-5740fd5 e-flex e-con-boxed e-con\" data-id=\"5740fd5\" data-element_type=\"container\" data-settings=\"{&quot;jet_parallax_layout_list&quot;:[],&quot;content_width&quot;:&quot;boxed&quot;}\">\n\t\t\t\t\t<div class=\"e-con-inner\">\n\t\t\t\t\t<\/div>\n\t\t\t\t<\/div>\n\t\t<div class=\"elementor-element elementor-element-a605c9c e-flex e-con-boxed e-con\" data-id=\"a605c9c\" data-element_type=\"container\" data-settings=\"{&quot;jet_parallax_layout_list&quot;:[],&quot;content_width&quot;:&quot;boxed&quot;}\">\n\t\t\t\t\t<div class=\"e-con-inner\">\n\t\t\t\t\t<\/div>\n\t\t\t\t<\/div>\n\t\t<div class=\"elementor-element elementor-element-39bfda4 e-con-full e-flex e-con\" data-id=\"39bfda4\" data-element_type=\"container\" data-settings=\"{&quot;jet_parallax_layout_list&quot;:[],&quot;content_width&quot;:&quot;full&quot;}\">\n\t\t\t\t<div class=\"elementor-element elementor-element-0889bd5 eael-dual-header-content-align-center elementor-widget elementor-widget-eael-dual-color-header\" data-id=\"0889bd5\" data-element_type=\"widget\" data-widget_type=\"eael-dual-color-header.default\">\n\t\t\t\t<div class=\"elementor-widget-container\">\n\t\t\t\n\t\t        <div class=\"eael-dual-header\">\n\t\t\t\t<h2 class=\"title\"><span  class=\"lead solid-color\">CONOCE NUESTROS<\/span> <span>SERVICIOS<\/span><\/h2>\n\t\t\t\t<span class=\"subtext\"><\/span>\n\t\t\t\t\t<span class=\"eael-dch-svg-icon\"><\/span>\t\t\t\t<\/div>\n\t\n\t\t\n\t\t\n\t\t\n\t\t\t\t<\/div>\n\t\t\t\t<\/div>\n\t\t\t\t<div class=\"elementor-element elementor-element-8ea0722 elementor-widget elementor-widget-lanong_our_services\" data-id=\"8ea0722\" data-element_type=\"widget\" data-widget_type=\"lanong_our_services.default\">\n\t\t\t\t<div class=\"elementor-widget-container\">\n\t\t\t\t\t\t\r\n            <!--Services Section-->\r\n            <section class=\"services-section-two\">\r\n                <div class=\"auto-container\">\r\n                    <div class=\"row clearfix\">\r\n        \t\t\t\t                        <!--Service Block-->\r\n                        <div class=\"service-block-two col-lg-4 col-md-6 col-sm-12 wow fadeInUp\" data-wow-delay=\"0ms\" data-wow-duration=\"1500ms\">\r\n                            <div class=\"inner-box\">\r\n                                <div class=\"image\">\r\n                                    <img width=\"370\" height=\"350\" src=\"https:\/\/taraguiviajes.com\/wp-content\/uploads\/2023\/09\/Piramides-370x350.jpeg\" class=\"attachment-lanong_370x350 size-lanong_370x350 wp-post-image\" alt=\"\" decoding=\"async\" loading=\"lazy\" \/>                                <\/div>\r\n                                <div class=\"lower-box\">\r\n                                    <div class=\"title-box\">\r\n                                        <div class=\"inner\">\r\n                                            <div class=\"subtitle\"><\/div>\r\n                                            <h4><a href=\"https:\/\/www.megatravel.com.mx\/tools\/vi.php?Dest=11\">Tours M\u00e9xico<\/a><\/h4>\r\n                                        <\/div>\r\n                                    <\/div>\r\n                                    <div class=\"text\">Chiapas y Chihuahua con la mejor selecci\u00f3n de bloqueos en fechas importantes as\u00ed como viajar con calidad y estilo todo el a\u00f1o.<\/div>\r\n                                    <div class=\"link-box\"><a href=\"https:\/\/www.megatravel.com.mx\/tools\/vi.php?Dest=11\">Read More<\/a><\/div>\r\n                                <\/div>\r\n                            <\/div>\r\n                        <\/div>\r\n        \t\t\t\t                        <!--Service Block-->\r\n                        <div class=\"service-block-two col-lg-4 col-md-6 col-sm-12 wow fadeInUp\" data-wow-delay=\"0ms\" data-wow-duration=\"1500ms\">\r\n                            <div class=\"inner-box\">\r\n                                <div class=\"image\">\r\n                                    <img width=\"370\" height=\"350\" src=\"https:\/\/taraguiviajes.com\/wp-content\/uploads\/2023\/09\/AdobeStock_274338583_Preview-transformed-370x350.jpeg\" class=\"attachment-lanong_370x350 size-lanong_370x350 wp-post-image\" alt=\"\" decoding=\"async\" loading=\"lazy\" \/>                                <\/div>\r\n                                <div class=\"lower-box\">\r\n                                    <div class=\"title-box\">\r\n                                        <div class=\"inner\">\r\n                                            <div class=\"subtitle\"><\/div>\r\n                                            <h4><a href=\"https:\/\/taraguiviajes.com\/index.php\/formulario\/\">Renta de Sprinters y Autobuses<\/a><\/h4>\r\n                                        <\/div>\r\n                                    <\/div>\r\n                                    <div class=\"text\">Contrata tu grupo, boda o convenci\u00f3n con nosotros, la satisfacci\u00f3n de tu cliente esta garantizada.<\/div>\r\n                                    <div class=\"link-box\"><a href=\"https:\/\/taraguiviajes.com\/index.php\/formulario\/\">Read More<\/a><\/div>\r\n                                <\/div>\r\n                            <\/div>\r\n                        <\/div>\r\n        \t\t\t\t                        <!--Service Block-->\r\n                        <div class=\"service-block-two col-lg-4 col-md-6 col-sm-12 wow fadeInUp\" data-wow-delay=\"0ms\" data-wow-duration=\"1500ms\">\r\n                            <div class=\"inner-box\">\r\n                                <div class=\"image\">\r\n                                    <img width=\"370\" height=\"350\" src=\"https:\/\/taraguiviajes.com\/wp-content\/uploads\/2020\/02\/AdobeStock_57441922_Preview-transformed-370x350.jpeg\" class=\"attachment-lanong_370x350 size-lanong_370x350 wp-post-image\" alt=\"\" decoding=\"async\" loading=\"lazy\" \/>                                <\/div>\r\n                                <div class=\"lower-box\">\r\n                                    <div class=\"title-box\">\r\n                                        <div class=\"inner\">\r\n                                            <div class=\"subtitle\"><\/div>\r\n                                            <h4><a href=\"https:\/\/www.zenhotels.com\/?cur=MXN&#038;lang=es&#038;partner_extra=None&#038;partner_slug=65126.affiliate.e7ed&#038;utm_campaign=es-es%2C+deeplink%2C+affiliate&#038;utm_medium=api2&#038;utm_source=65126.affiliate.e7ed&#038;utm_term=None\">Hoteleria Nacional e Internacional<\/a><\/h4>\r\n                                        <\/div>\r\n                                    <\/div>\r\n                                    <div class=\"text\">Contamos con mas de 2.000.000 de hoteles en todo el mundo para que puedas reservar con las mejores tarifas y disponibilidad posibles.<\/div>\r\n                                    <div class=\"link-box\"><a href=\"https:\/\/www.zenhotels.com\/?cur=MXN&#038;lang=es&#038;partner_extra=None&#038;partner_slug=65126.affiliate.e7ed&#038;utm_campaign=es-es%2C+deeplink%2C+affiliate&#038;utm_medium=api2&#038;utm_source=65126.affiliate.e7ed&#038;utm_term=None\">Read More<\/a><\/div>\r\n                                <\/div>\r\n                            <\/div>\r\n                        <\/div>\r\n        \t\t\t\t                        <!--Service Block-->\r\n                        <div class=\"service-block-two col-lg-4 col-md-6 col-sm-12 wow fadeInUp\" data-wow-delay=\"0ms\" data-wow-duration=\"1500ms\">\r\n                            <div class=\"inner-box\">\r\n                                <div class=\"image\">\r\n                                    <img width=\"370\" height=\"350\" src=\"https:\/\/taraguiviajes.com\/wp-content\/uploads\/2020\/02\/AdobeStock_388078298_Preview-transformed-370x350.jpeg\" class=\"attachment-lanong_370x350 size-lanong_370x350 wp-post-image\" alt=\"\" decoding=\"async\" loading=\"lazy\" \/>                                <\/div>\r\n                                <div class=\"lower-box\">\r\n                                    <div class=\"title-box\">\r\n                                        <div class=\"inner\">\r\n                                            <div class=\"subtitle\"><\/div>\r\n                                            <h4><a href=\"https:\/\/taraguiviajes.com\/index.php\/formulario\/\">Tours y Traslados<\/a><\/h4>\r\n                                        <\/div>\r\n                                    <\/div>\r\n                                    <div class=\"text\">Tenemos los mejores servicios de receptivo en M\u00e9xico para tus clientes, cons\u00faltanos.<\/div>\r\n                                    <div class=\"link-box\"><a href=\"https:\/\/taraguiviajes.com\/index.php\/formulario\/\">Read More<\/a><\/div>\r\n                                <\/div>\r\n                            <\/div>\r\n                        <\/div>\r\n        \t\t\t\t                        <!--Service Block-->\r\n                        <div class=\"service-block-two col-lg-4 col-md-6 col-sm-12 wow fadeInUp\" data-wow-delay=\"0ms\" data-wow-duration=\"1500ms\">\r\n                            <div class=\"inner-box\">\r\n                                <div class=\"image\">\r\n                                    <img width=\"370\" height=\"350\" src=\"https:\/\/taraguiviajes.com\/wp-content\/uploads\/2023\/09\/Crucero-370x350.jpeg\" class=\"attachment-lanong_370x350 size-lanong_370x350 wp-post-image\" alt=\"\" decoding=\"async\" loading=\"lazy\" \/>                                <\/div>\r\n                                <div class=\"lower-box\">\r\n                                    <div class=\"title-box\">\r\n                                        <div class=\"inner\">\r\n                                            <div class=\"subtitle\"><\/div>\r\n                                            <h4><a href=\"https:\/\/www.megatravel.com.mx\/tools\/vi.php?Dest=13\">Cruceros<\/a><\/h4>\r\n                                        <\/div>\r\n                                    <\/div>\r\n                                    <div class=\"text\">Con nosotros puedes reservar el crucero de tu elecci\u00f3n con los mejores precios del mercado.<\/div>\r\n                                    <div class=\"link-box\"><a href=\"https:\/\/www.megatravel.com.mx\/tools\/vi.php?Dest=13\">Read More<\/a><\/div>\r\n                                <\/div>\r\n                            <\/div>\r\n                        <\/div>\r\n        \t\t\t\t                        <!--Service Block-->\r\n                        <div class=\"service-block-two col-lg-4 col-md-6 col-sm-12 wow fadeInUp\" data-wow-delay=\"0ms\" data-wow-duration=\"1500ms\">\r\n                            <div class=\"inner-box\">\r\n                                <div class=\"image\">\r\n                                    <img width=\"370\" height=\"350\" src=\"https:\/\/taraguiviajes.com\/wp-content\/uploads\/2020\/02\/AdobeStock_600828694_Preview-transformed-370x350.jpeg\" class=\"attachment-lanong_370x350 size-lanong_370x350 wp-post-image\" alt=\"\" decoding=\"async\" loading=\"lazy\" \/>                                <\/div>\r\n                                <div class=\"lower-box\">\r\n                                    <div class=\"title-box\">\r\n                                        <div class=\"inner\">\r\n                                            <div class=\"subtitle\"><\/div>\r\n                                            <h4><a href=\"https:\/\/taraguiviajes.com\/index.php\/formulario\/\">Grupos y Convenciones<\/a><\/h4>\r\n                                        <\/div>\r\n                                    <\/div>\r\n                                    <div class=\"text\">Contrata tu grupo, boda o convenci\u00f3n con nosotros, la satisfacci\u00f3n de tu cliente esta garantizada.<\/div>\r\n                                    <div class=\"link-box\"><a href=\"https:\/\/taraguiviajes.com\/index.php\/formulario\/\">Read More<\/a><\/div>\r\n                                <\/div>\r\n                            <\/div>\r\n                        <\/div>\r\n        \t\t\t\t                        <!--Service Block-->\r\n                        <div class=\"service-block-two col-lg-4 col-md-6 col-sm-12 wow fadeInUp\" data-wow-delay=\"0ms\" data-wow-duration=\"1500ms\">\r\n                            <div class=\"inner-box\">\r\n                                <div class=\"image\">\r\n                                    <img width=\"370\" height=\"350\" src=\"https:\/\/taraguiviajes.com\/wp-content\/uploads\/2020\/02\/Santorini-370x350.jpeg\" class=\"attachment-lanong_370x350 size-lanong_370x350 wp-post-image\" alt=\"\" decoding=\"async\" loading=\"lazy\" \/>                                <\/div>\r\n                                <div class=\"lower-box\">\r\n                                    <div class=\"title-box\">\r\n                                        <div class=\"inner\">\r\n                                            <div class=\"subtitle\"><\/div>\r\n                                            <h4><a href=\"https:\/\/taraguiviajes.com\/index.php\/destinos\/\">Tours Internacionales<\/a><\/h4>\r\n                                        <\/div>\r\n                                    <\/div>\r\n                                    <div class=\"text\">Contamos con los mejores socios comerciales en todo el mundo para que tus clientes viajen seguros y regresen satisfechos.<\/div>\r\n                                    <div class=\"link-box\"><a href=\"https:\/\/taraguiviajes.com\/index.php\/destinos\/\">Read More<\/a><\/div>\r\n                                <\/div>\r\n                            <\/div>\r\n                        <\/div>\r\n        \t\t\t\t                    <\/div>\r\n                <\/div>\r\n            <\/section>\r\n            \r\n        \t\t<\/div>\n\t\t\t\t<\/div>\n\t\t\t\t<\/div>\n\t\t\t\t\t\t\t<\/div>\n\t\t","protected":false},"excerpt":{"rendered":"<p>CONOCE NUESTROS SERVICIOS Renta de Sprinters y Autobuses Contrata tu grupo, boda o convenci\u00f3n con nosotros, la satisfacci\u00f3n de tu cliente esta garantizada. Read More Tours Internacionales Contamos con los mejores socios comerciales en todo el mundo para que tus clientes viajen seguros y regresen satisfechos. Read More Grupos y Convenciones Contrata tu grupo, boda [&hellip;]<\/p>\n","protected":false},"author":1,"featured_media":0,"parent":0,"menu_order":0,"comment_status":"closed","ping_status":"closed","template":"tpl-default-elementor.php","meta":[],"rttpg_featured_image_url":null,"rttpg_author":{"display_name":"ivan.ventas@outlook.com","author_link":"https:\/\/taraguiviajes.com\/index.php\/author\/ivan-ventasoutlook-com\/"},"rttpg_comment":0,"rttpg_category":null,"rttpg_excerpt":"CONOCE NUESTROS SERVICIOS Renta de Sprinters y Autobuses Contrata tu grupo, boda o convenci\u00f3n con nosotros, la satisfacci\u00f3n de tu cliente esta garantizada. Read More Tours Internacionales Contamos con los mejores socios comerciales en todo el mundo para que tus clientes viajen seguros y regresen satisfechos. Read More Grupos y Convenciones Contrata tu grupo, boda&hellip;","_links":{"self":[{"href":"https:\/\/taraguiviajes.com\/index.php\/wp-json\/wp\/v2\/pages\/1485"}],"collection":[{"href":"https:\/\/taraguiviajes.com\/index.php\/wp-json\/wp\/v2\/pages"}],"about":[{"href":"https:\/\/taraguiviajes.com\/index.php\/wp-json\/wp\/v2\/types\/page"}],"author":[{"embeddable":true,"href":"https:\/\/taraguiviajes.com\/index.php\/wp-json\/wp\/v2\/users\/1"}],"replies":[{"embeddable":true,"href":"https:\/\/taraguiviajes.com\/index.php\/wp-json\/wp\/v2\/comments?post=1485"}],"version-history":[{"count":34,"href":"https:\/\/taraguiviajes.com\/index.php\/wp-json\/wp\/v2\/pages\/1485\/revisions"}],"predecessor-version":[{"id":2864,"href":"https:\/\/taraguiviajes.com\/index.php\/wp-json\/wp\/v2\/pages\/1485\/revisions\/2864"}],"wp:attachment":[{"href":"https:\/\/taraguiviajes.com\/index.php\/wp-json\/wp\/v2\/media?parent=1485"}],"curies":[{"name":"wp","href":"https:\/\/api.w.org\/{rel}","templated":true}]}}