{"id":1859,"date":"2020-02-19T11:01:08","date_gmt":"2020-02-19T17:01:08","guid":{"rendered":"https:\/\/taraguiviajes.com\/index.php\/contact-4\/"},"modified":"2025-01-09T19:43:08","modified_gmt":"2025-01-10T01:43:08","slug":"contacto","status":"publish","type":"page","link":"https:\/\/taraguiviajes.com\/index.php\/contacto\/","title":{"rendered":"Contacto"},"content":{"rendered":"\t\t<div data-elementor-type=\"wp-page\" data-elementor-id=\"1859\" class=\"elementor elementor-1859\">\n\t\t\t\t\t\t\t<div class=\"elementor-element elementor-element-f01c46a e-flex e-con-boxed e-con\" data-id=\"f01c46a\" data-element_type=\"container\" data-settings=\"{&quot;jet_parallax_layout_list&quot;:[],&quot;content_width&quot;:&quot;boxed&quot;}\">\n\t\t\t\t\t<div class=\"e-con-inner\">\n\t\t\t\t<div class=\"elementor-element elementor-element-6f6bfba elementor-widget elementor-widget-spacer\" data-id=\"6f6bfba\" data-element_type=\"widget\" data-widget_type=\"spacer.default\">\n\t\t\t\t<div class=\"elementor-widget-container\">\n\t\t\t<style>\/*! elementor - v3.14.0 - 26-06-2023 *\/\n.elementor-column .elementor-spacer-inner{height:var(--spacer-size)}.e-con{--container-widget-width:100%}.e-con-inner>.elementor-widget-spacer,.e-con>.elementor-widget-spacer{width:var(--container-widget-width,var(--spacer-size));--align-self:var(--container-widget-align-self,initial);--flex-shrink:0}.e-con-inner>.elementor-widget-spacer>.elementor-widget-container,.e-con-inner>.elementor-widget-spacer>.elementor-widget-container>.elementor-spacer,.e-con>.elementor-widget-spacer>.elementor-widget-container,.e-con>.elementor-widget-spacer>.elementor-widget-container>.elementor-spacer{height:100%}.e-con-inner>.elementor-widget-spacer>.elementor-widget-container>.elementor-spacer>.elementor-spacer-inner,.e-con>.elementor-widget-spacer>.elementor-widget-container>.elementor-spacer>.elementor-spacer-inner{height:var(--container-widget-height,var(--spacer-size))}<\/style>\t\t<div class=\"elementor-spacer\">\n\t\t\t<div class=\"elementor-spacer-inner\"><\/div>\n\t\t<\/div>\n\t\t\t\t<\/div>\n\t\t\t\t<\/div>\n\t\t\t\t\t<\/div>\n\t\t\t\t<\/div>\n\t\t<div class=\"elementor-element elementor-element-e9d7eb6 e-flex e-con-boxed e-con\" data-id=\"e9d7eb6\" data-element_type=\"container\" data-settings=\"{&quot;jet_parallax_layout_list&quot;:[],&quot;content_width&quot;:&quot;boxed&quot;}\">\n\t\t\t\t\t<div class=\"e-con-inner\">\n\t\t\t\t<div class=\"elementor-element elementor-element-68469f8 elementor-widget elementor-widget-lanong_contact_info\" data-id=\"68469f8\" data-element_type=\"widget\" data-widget_type=\"lanong_contact_info.default\">\n\t\t\t\t<div class=\"elementor-widget-container\">\n\t\t\t        \r\n        <!--Contact Section-->\r\n    \t<section class=\"contact-section\">\r\n            <div class=\"auto-container\">\r\n                \r\n                <div class=\"info-container\">\r\n                    <div class=\"row clearfix\">\r\n                                                <!--Info Block-->\r\n                        <div class=\"info-block col-xl-3 col-lg-6 col-md-6 col-sm-12 wow fadeInLeft\" data-wow-delay=\"0ms\" data-wow-duration=\"1500ms\">\r\n                            <div class=\"inner-box\">\r\n                                <div class=\"icon-box\">\r\n                                    <span class=\"\"><\/span>\r\n                                <\/div>\r\n                                <div class=\"title-box\">\r\n                                    <h4>DIRECCI\u00d3N<\/h4>\r\n                                    <div class=\"subtitle\">LOCATION<\/div>\r\n                                <\/div>\r\n                                <div class=\"content-box\">\r\n                                    <div class=\"text\">Industria de la Construccion # 49 - 30 Col. Zapopan Industrial Norte 45130 Zapopan,\u00a0Jal.\u00a0Mexico<\/div>\r\n                                <\/div>\r\n                                <div class=\"link-box\">\r\n                                    <a href=\"https:\/\/goo.gl\/maps\/ZiNxkNhv2QVZLNmH9\" class=\"theme-btn\"><div class=\"btn-title\">MAPA<\/div><\/a>\r\n                                <\/div>\r\n                            <\/div>\r\n                        <\/div>\r\n                                                <!--Info Block-->\r\n                        <div class=\"info-block col-xl-3 col-lg-6 col-md-6 col-sm-12 wow fadeInLeft\" data-wow-delay=\"0ms\" data-wow-duration=\"1500ms\">\r\n                            <div class=\"inner-box\">\r\n                                <div class=\"icon-box\">\r\n                                    <span class=\"\"><\/span>\r\n                                <\/div>\r\n                                <div class=\"title-box\">\r\n                                    <h4>TEL\u00c9FONO<\/h4>\r\n                                    <div class=\"subtitle\">PHONE<\/div>\r\n                                <\/div>\r\n                                <div class=\"content-box\">\r\n                                    <div class=\"text\">(33) 1447 9981\n\n\n\n\n\n\n\n\n\n\n<\/div>\r\n                                <\/div>\r\n                                <div class=\"link-box\">\r\n                                    <a href=\"\" class=\"theme-btn\"><div class=\"btn-title\">cont\u00e1ctanos<\/div><\/a>\r\n                                <\/div>\r\n                            <\/div>\r\n                        <\/div>\r\n                                                <!--Info Block-->\r\n                        <div class=\"info-block col-xl-3 col-lg-6 col-md-6 col-sm-12 wow fadeInLeft\" data-wow-delay=\"0ms\" data-wow-duration=\"1500ms\">\r\n                            <div class=\"inner-box\">\r\n                                <div class=\"icon-box\">\r\n                                    <span class=\"\"><\/span>\r\n                                <\/div>\r\n                                <div class=\"title-box\">\r\n                                    <h4>CORREO ELECTRONICO<\/h4>\r\n                                    <div class=\"subtitle\">EMAIL<\/div>\r\n                                <\/div>\r\n                                <div class=\"content-box\">\r\n                                    <div class=\"text\">contacto@taraguiviajes.com<\/div>\r\n                                <\/div>\r\n                                <div class=\"link-box\">\r\n                                    <a href=\"\" class=\"theme-btn\"><div class=\"btn-title\">ESCRIBIR CORREO<\/div><\/a>\r\n                                <\/div>\r\n                            <\/div>\r\n                        <\/div>\r\n                                                <!--Info Block-->\r\n                        <div class=\"info-block col-xl-3 col-lg-6 col-md-6 col-sm-12 wow fadeInLeft\" data-wow-delay=\"0ms\" data-wow-duration=\"1500ms\">\r\n                            <div class=\"inner-box\">\r\n                                <div class=\"icon-box\">\r\n                                    <span class=\"\"><\/span>\r\n                                <\/div>\r\n                                <div class=\"title-box\">\r\n                                    <h4>HORARIO DE ATENCI\u00d3N<\/h4>\r\n                                    <div class=\"subtitle\">Op. Hrs<\/div>\r\n                                <\/div>\r\n                                <div class=\"content-box\">\r\n                                    <div class=\"text\">Lunes a Viernes 09:00 hrs a 19:00 hrs \/ S\u00e1bados 10:00\u00a0a\u00a013:00\u00a0hrs<\/div>\r\n                                <\/div>\r\n                                <div class=\"link-box\">\r\n                                    <a href=\"https:\/\/goo.gl\/maps\/ZiNxkNhv2QVZLNmH9\" class=\"theme-btn\"><div class=\"btn-title\">visitanos<\/div><\/a>\r\n                                <\/div>\r\n                            <\/div>\r\n                        <\/div>\r\n                                            <\/div>\r\n                <\/div>\r\n        \t<\/div>\r\n        <\/section>\r\n        \r\n\t\t\t\t<\/div>\n\t\t\t\t<\/div>\n\t\t\t\t\t<\/div>\n\t\t\t\t<\/div>\n\t\t<div class=\"elementor-element elementor-element-47e4b42 e-flex e-con-boxed e-con\" data-id=\"47e4b42\" data-element_type=\"container\" data-settings=\"{&quot;jet_parallax_layout_list&quot;:[],&quot;content_width&quot;:&quot;boxed&quot;}\">\n\t\t\t\t\t<div class=\"e-con-inner\">\n\t\t\t\t<div class=\"elementor-element elementor-element-cba28b9 elementor-widget elementor-widget-lanong_form_and_map\" data-id=\"cba28b9\" data-element_type=\"widget\" data-widget_type=\"lanong_form_and_map.default\">\n\t\t\t\t<div class=\"elementor-widget-container\">\n\t\t\t        \r\n        <section class=\"map-and-form\">\r\n            \r\n            <div class=\"auto-container\">\r\n        \r\n                <div class=\"contact-container\">\r\n                    <div class=\"row clearfix\">\r\n                        <!--Form-->\r\n                        <div class=\"form-column col-lg-6 col-md-12 col-sm-12\">\r\n                            <div class=\"inner wow fadeInLeft\" data-wow-delay=\"0ms\" data-wow-duration=\"1500ms\">\r\n                                <div class=\"sec-title\">\r\n                                    <h2>DEJA TU MENSAJE<\/h2>\r\n                                    <div class=\"lower-text\"><\/div>\r\n                                <\/div>\r\n                                <div class=\"default-form contact-form\">\r\n                                    \n<div class=\"wpcf7 no-js\" id=\"wpcf7-f1995-o1\" lang=\"en-US\" dir=\"ltr\">\n<div class=\"screen-reader-response\"><p role=\"status\" aria-live=\"polite\" aria-atomic=\"true\"><\/p> <ul><\/ul><\/div>\n<form action=\"\/index.php\/wp-json\/wp\/v2\/pages\/1859#wpcf7-f1995-o1\" method=\"post\" class=\"wpcf7-form init\" aria-label=\"Contact form\" novalidate=\"novalidate\" data-status=\"init\">\n<div style=\"display: none;\">\n<input type=\"hidden\" name=\"_wpcf7\" value=\"1995\" \/>\n<input type=\"hidden\" name=\"_wpcf7_version\" value=\"5.8\" \/>\n<input type=\"hidden\" name=\"_wpcf7_locale\" value=\"en_US\" \/>\n<input type=\"hidden\" name=\"_wpcf7_unit_tag\" value=\"wpcf7-f1995-o1\" \/>\n<input type=\"hidden\" name=\"_wpcf7_container_post\" value=\"0\" \/>\n<input type=\"hidden\" name=\"_wpcf7_posted_data_hash\" value=\"\" \/>\n<\/div>\n<div class=\"row clearfix\">\n\t<div class=\"form-group col-lg-6 col-md-6 col-sm-12\">\n\t\t<div class=\"field-label\">\n\t\t\t<p>Nombre\n\t\t\t<\/p>\n\t\t<\/div>\n\t\t<div class=\"field-inner\">\n\t\t\t<p><span class=\"wpcf7-form-control-wrap\" data-name=\"text-7\"><input size=\"40\" class=\"wpcf7-form-control wpcf7-text wpcf7-validates-as-required\" aria-required=\"true\" aria-invalid=\"false\" placeholder=\"Nombre\" value=\"\" type=\"text\" name=\"text-7\" \/><\/span>\n\t\t\t<\/p>\n\t\t<\/div>\n\t<\/div>\n\t<div class=\"form-group col-lg-6 col-md-6 col-sm-12\">\n\t\t<div class=\"field-label\">\n\t\t\t<p>Correo\n\t\t\t<\/p>\n\t\t<\/div>\n\t\t<div class=\"field-inner\">\n\t\t\t<p><span class=\"wpcf7-form-control-wrap\" data-name=\"email-865\"><input size=\"40\" class=\"wpcf7-form-control wpcf7-email wpcf7-validates-as-required wpcf7-text wpcf7-validates-as-email\" aria-required=\"true\" aria-invalid=\"false\" placeholder=\"Correo electr\u00f3nico\" value=\"\" type=\"email\" name=\"email-865\" \/><\/span>\n\t\t\t<\/p>\n\t\t<\/div>\n\t<\/div>\n\t<div class=\"form-group col-lg-12 col-md-12 col-sm-12\">\n\t\t<div class=\"field-label\">\n\t\t\t<p>Asunto\n\t\t\t<\/p>\n\t\t<\/div>\n\t\t<div class=\"field-inner\">\n\t\t\t<p><span class=\"wpcf7-form-control-wrap\" data-name=\"menu-899\"><select class=\"wpcf7-form-control wpcf7-select\" id=\"custom-select-box\" aria-invalid=\"false\" name=\"menu-899\"><option value=\"Tema de inter\u00e9s\">Tema de inter\u00e9s<\/option><option value=\"Cruceros\">Cruceros<\/option><option value=\"Tours internacionales\">Tours internacionales<\/option><option value=\"Tours y traslados\">Tours y traslados<\/option><option value=\"Tours M\u00e9xico\">Tours M\u00e9xico<\/option><option value=\"Grupos y convenciones\">Grupos y convenciones<\/option><option value=\"Hoteler\u00eda nacional e internacional\">Hoteler\u00eda nacional e internacional<\/option><option value=\"Renta de sprinters y autobuses\">Renta de sprinters y autobuses<\/option><\/select><\/span>\n\t\t\t<\/p>\n\t\t<\/div>\n\t<\/div>\n\t<div class=\"form-group col-lg-12 col-md-12 col-sm-12\">\n\t\t<div class=\"field-label\">\n\t\t\t<p>Mensaje\n\t\t\t<\/p>\n\t\t<\/div>\n\t\t<div class=\"field-inner\">\n\t\t\t<p><span class=\"wpcf7-form-control-wrap\" data-name=\"textarea-689\"><textarea cols=\"40\" rows=\"10\" class=\"wpcf7-form-control wpcf7-textarea\" aria-invalid=\"false\" placeholder=\"Escribe tu mensaje...\" name=\"textarea-689\"><\/textarea><\/span>\n\t\t\t<\/p>\n\t\t<\/div>\n\t<\/div>\n\t<div class=\"form-group col-lg-12 col-md-12 col-sm-12\">\n\t\t<p><button type=\"Enviar\" class=\"theme-btn btn-style-three\"><span class=\"btn-title\">Env\u00edar mensaje<\/span><\/button>\n\t\t<\/p>\n\t<\/div>\n<\/div><div class=\"wpcf7-response-output\" aria-hidden=\"true\"><\/div>\n<\/form>\n<\/div>\n                                <\/div>\r\n                            <\/div>\r\n                        <\/div>\r\n                        <!--Map-->\r\n                        <div class=\"map-column col-lg-6 col-md-12 col-sm-12\">\r\n                            <div class=\"inner wow fadeInRight\" data-wow-delay=\"300ms\" data-wow-duration=\"1500ms\">\r\n                                <!--Map Box-->\r\n                                <div class=\"map-box\">\r\n                                    <iframe src=\"https:\/\/www.google.com\/maps\/embed?pb=!1m18!1m12!1m3!1d3731.088901387617!2d-103.38876222543382!3d20.74719048083258!2m3!1f0!2f0!3f0!3m2!1i1024!2i768!4f13.1!3m3!1m2!1s0x8428af8dca815a5f%3A0x4686e5def4300fa3!2sIndustria%20de%20La%20Construcci%C3%B3n%2049-30%2C%20Villas%20de%20Zapopan%2C%2045130%20Zapopan%2C%20Jal.!5e0!3m2!1ses!2smx!4v1688568024091!5m2!1ses!2smx\" width=\"600\" height=\"450\" style=\"border:0;\" allowfullscreen=\"\" loading=\"lazy\" referrerpolicy=\"no-referrer-when-downgrade\"><\/iframe>                                <\/div>\r\n                            <\/div>\r\n                        <\/div>\r\n                    <\/div>\r\n                <\/div>\r\n        \t\r\n            <\/div>\r\n            \r\n        <\/section>\r\n            \r\n\t\t\t\t<\/div>\n\t\t\t\t<\/div>\n\t\t\t\t\t<\/div>\n\t\t\t\t<\/div>\n\t\t\t\t\t\t\t<\/div>\n\t\t","protected":false},"excerpt":{"rendered":"<p>DIRECCI\u00d3N LOCATION Industria de la Construccion # 49 &#8211; 30 Col. Zapopan Industrial Norte 45130 Zapopan,\u00a0Jal.\u00a0Mexico MAPA TEL\u00c9FONO PHONE (33) 1447 9981 cont\u00e1ctanos CORREO ELECTRONICO EMAIL contacto@taraguiviajes.com ESCRIBIR CORREO HORARIO DE ATENCI\u00d3N Op. Hrs Lunes a Viernes 09:00 hrs a 19:00 hrs \/ S\u00e1bados 10:00\u00a0a\u00a013:00\u00a0hrs visitanos DEJA TU MENSAJE Nombre Correo Asunto Tema de inter\u00e9sCrucerosTours [&hellip;]<\/p>\n","protected":false},"author":1,"featured_media":0,"parent":0,"menu_order":0,"comment_status":"closed","ping_status":"closed","template":"tpl-default-elementor.php","meta":[],"rttpg_featured_image_url":null,"rttpg_author":{"display_name":"ivan.ventas@outlook.com","author_link":"https:\/\/taraguiviajes.com\/index.php\/author\/ivan-ventasoutlook-com\/"},"rttpg_comment":0,"rttpg_category":null,"rttpg_excerpt":"DIRECCI\u00d3N LOCATION Industria de la Construccion # 49 &#8211; 30 Col. Zapopan Industrial Norte 45130 Zapopan,\u00a0Jal.\u00a0Mexico MAPA TEL\u00c9FONO PHONE (33) 1447 9981 cont\u00e1ctanos CORREO ELECTRONICO EMAIL contacto@taraguiviajes.com ESCRIBIR CORREO HORARIO DE ATENCI\u00d3N Op. Hrs Lunes a Viernes 09:00 hrs a 19:00 hrs \/ S\u00e1bados 10:00\u00a0a\u00a013:00\u00a0hrs visitanos DEJA TU MENSAJE Nombre Correo Asunto Tema de inter\u00e9sCrucerosTours&hellip;","_links":{"self":[{"href":"https:\/\/taraguiviajes.com\/index.php\/wp-json\/wp\/v2\/pages\/1859"}],"collection":[{"href":"https:\/\/taraguiviajes.com\/index.php\/wp-json\/wp\/v2\/pages"}],"about":[{"href":"https:\/\/taraguiviajes.com\/index.php\/wp-json\/wp\/v2\/types\/page"}],"author":[{"embeddable":true,"href":"https:\/\/taraguiviajes.com\/index.php\/wp-json\/wp\/v2\/users\/1"}],"replies":[{"embeddable":true,"href":"https:\/\/taraguiviajes.com\/index.php\/wp-json\/wp\/v2\/comments?post=1859"}],"version-history":[{"count":26,"href":"https:\/\/taraguiviajes.com\/index.php\/wp-json\/wp\/v2\/pages\/1859\/revisions"}],"predecessor-version":[{"id":3172,"href":"https:\/\/taraguiviajes.com\/index.php\/wp-json\/wp\/v2\/pages\/1859\/revisions\/3172"}],"wp:attachment":[{"href":"https:\/\/taraguiviajes.com\/index.php\/wp-json\/wp\/v2\/media?parent=1859"}],"curies":[{"name":"wp","href":"https:\/\/api.w.org\/{rel}","templated":true}]}}