{"id":2338,"date":"2023-07-01T19:16:04","date_gmt":"2023-07-02T00:16:04","guid":{"rendered":"https:\/\/taraguiviajes.com\/?page_id=2338"},"modified":"2024-09-07T11:25:36","modified_gmt":"2024-09-07T16:25:36","slug":"nosotros","status":"publish","type":"page","link":"https:\/\/taraguiviajes.com\/index.php\/nosotros\/","title":{"rendered":"NOSOTROS"},"content":{"rendered":"\t\t<div data-elementor-type=\"wp-page\" data-elementor-id=\"2338\" class=\"elementor elementor-2338\">\n\t\t\t\t\t\t\t<div class=\"elementor-element elementor-element-4edafa9 e-flex e-con-boxed e-con\" data-id=\"4edafa9\" data-element_type=\"container\" data-settings=\"{&quot;jet_parallax_layout_list&quot;:[],&quot;content_width&quot;:&quot;boxed&quot;}\">\n\t\t\t\t\t<div class=\"e-con-inner\">\n\t\t\t\t<div class=\"elementor-element elementor-element-dbd0db2 elementor-widget elementor-widget-spacer\" data-id=\"dbd0db2\" data-element_type=\"widget\" data-widget_type=\"spacer.default\">\n\t\t\t\t<div class=\"elementor-widget-container\">\n\t\t\t<style>\/*! elementor - v3.14.0 - 26-06-2023 *\/\n.elementor-column .elementor-spacer-inner{height:var(--spacer-size)}.e-con{--container-widget-width:100%}.e-con-inner>.elementor-widget-spacer,.e-con>.elementor-widget-spacer{width:var(--container-widget-width,var(--spacer-size));--align-self:var(--container-widget-align-self,initial);--flex-shrink:0}.e-con-inner>.elementor-widget-spacer>.elementor-widget-container,.e-con-inner>.elementor-widget-spacer>.elementor-widget-container>.elementor-spacer,.e-con>.elementor-widget-spacer>.elementor-widget-container,.e-con>.elementor-widget-spacer>.elementor-widget-container>.elementor-spacer{height:100%}.e-con-inner>.elementor-widget-spacer>.elementor-widget-container>.elementor-spacer>.elementor-spacer-inner,.e-con>.elementor-widget-spacer>.elementor-widget-container>.elementor-spacer>.elementor-spacer-inner{height:var(--container-widget-height,var(--spacer-size))}<\/style>\t\t<div class=\"elementor-spacer\">\n\t\t\t<div class=\"elementor-spacer-inner\"><\/div>\n\t\t<\/div>\n\t\t\t\t<\/div>\n\t\t\t\t<\/div>\n\t\t\t\t\t<\/div>\n\t\t\t\t<\/div>\n\t\t<div class=\"elementor-element elementor-element-39bfda4 e-con-full e-flex e-con\" data-id=\"39bfda4\" data-element_type=\"container\" data-settings=\"{&quot;jet_parallax_layout_list&quot;:[],&quot;content_width&quot;:&quot;full&quot;}\">\n\t\t\t\t<div class=\"elementor-element elementor-element-0889bd5 eael-dual-header-content-align-center elementor-widget elementor-widget-eael-dual-color-header\" data-id=\"0889bd5\" data-element_type=\"widget\" data-widget_type=\"eael-dual-color-header.default\">\n\t\t\t\t<div class=\"elementor-widget-container\">\n\t\t\t\n\t\t        <div class=\"eael-dual-header\">\n\t\t\t\t<h2 class=\"title\"><span  class=\"lead solid-color\">\u00bfQUI\u00c9NES <\/span> <span>SOMOS?<\/span><\/h2>\n\t\t\t\t<span class=\"subtext\"><\/span>\n\t\t\t\t\t<span class=\"eael-dch-svg-icon\"><\/span>\t\t\t\t<\/div>\n\t\n\t\t\n\t\t\n\t\t\n\t\t\t\t<\/div>\n\t\t\t\t<\/div>\n\t\t\t\t<\/div>\n\t\t<div class=\"elementor-element elementor-element-74adf63 e-flex e-con-boxed e-con\" data-id=\"74adf63\" data-element_type=\"container\" data-settings=\"{&quot;jet_parallax_layout_list&quot;:[],&quot;content_width&quot;:&quot;boxed&quot;}\">\n\t\t\t\t\t<div class=\"e-con-inner\">\n\t\t\t\t<div class=\"elementor-element elementor-element-ad40419 elementor-widget elementor-widget-text-editor\" data-id=\"ad40419\" data-element_type=\"widget\" data-widget_type=\"text-editor.default\">\n\t\t\t\t<div class=\"elementor-widget-container\">\n\t\t\t<style>\/*! elementor - v3.14.0 - 26-06-2023 *\/\n.elementor-widget-text-editor.elementor-drop-cap-view-stacked .elementor-drop-cap{background-color:#69727d;color:#fff}.elementor-widget-text-editor.elementor-drop-cap-view-framed .elementor-drop-cap{color:#69727d;border:3px solid;background-color:transparent}.elementor-widget-text-editor:not(.elementor-drop-cap-view-default) .elementor-drop-cap{margin-top:8px}.elementor-widget-text-editor:not(.elementor-drop-cap-view-default) .elementor-drop-cap-letter{width:1em;height:1em}.elementor-widget-text-editor .elementor-drop-cap{float:left;text-align:center;line-height:1;font-size:50px}.elementor-widget-text-editor .elementor-drop-cap-letter{display:inline-block}<\/style>\t\t\t\t<h3><strong>Nosotros<\/strong><\/h3><p>En <strong>Tarag\u00fci Viajes<\/strong>, llevamos m\u00e1s de 14 a\u00f1os haciendo realidad los sue\u00f1os de nuestros clientes. Desde nuestra fundaci\u00f3n en 2008, hemos crecido y evolucionado con un solo objetivo: ofrecer experiencias de viaje que vayan m\u00e1s all\u00e1 de lo esperado. Nos especializamos en la organizaci\u00f3n de <strong>tours nacionales e internacionales<\/strong>, as\u00ed como en la <strong>venta de hoteles, cruceros y paquetes combinados<\/strong>. Adem\u00e1s, contamos con amplia experiencia en la <strong>organizaci\u00f3n de grupos y convenciones<\/strong>.<\/p><p>Cada viaje es una oportunidad \u00fanica para descubrir nuevos destinos, conocer diferentes culturas y crear recuerdos inolvidables. En Tarag\u00fci Viajes, nos comprometemos a brindarte una atenci\u00f3n personalizada, adaptada a tus necesidades y preferencias, porque entendemos que cada viajero es especial.<\/p><p>Nuestro equipo est\u00e1 formado por profesionales apasionados por el turismo y la hospitalidad, siempre dispuestos a acompa\u00f1arte en cada etapa del viaje. Queremos que disfrutes cada momento y nos encargamos de los detalles para que t\u00fa solo te preocupes por vivir la experiencia.<\/p><p>\u00a1Viajar es m\u00e1s que moverse de un lugar a otro, es conectarse con el mundo y contigo mismo!<\/p><h3><strong>Misi\u00f3n<\/strong><\/h3><p>Nuestra misi\u00f3n es <strong>crear experiencias de viaje inolvidables<\/strong> que conecten a las personas con el mundo, facilitando la planificaci\u00f3n y realizaci\u00f3n de sus sue\u00f1os a trav\u00e9s de un servicio c\u00e1lido, confiable y profesional.<\/p><h3><strong>Visi\u00f3n<\/strong><\/h3><p>Ser la <strong>agencia de viajes l\u00edder en la regi\u00f3n<\/strong>, reconocida por la calidad de nuestros servicios, la confianza de nuestros clientes y nuestra capacidad para adaptarnos a las necesidades cambiantes del turismo, consolid\u00e1ndonos como el referente en la organizaci\u00f3n de <strong>grupos y convenciones<\/strong>.<\/p><h3><strong>Valores<\/strong><\/h3><ul><li><strong>Compromiso<\/strong>: Nos dedicamos a cumplir con las expectativas de nuestros clientes, garantizando un servicio personalizado y de alta calidad.<\/li><li><strong>Confianza<\/strong>: Creemos en la transparencia y en establecer relaciones a largo plazo con nuestros clientes, basadas en la confianza mutua.<\/li><li><strong>Innovaci\u00f3n<\/strong>: Estamos en constante evoluci\u00f3n, buscando siempre nuevas maneras de mejorar nuestros servicios y de sorprender a nuestros viajeros.<\/li><li><strong>Pasi\u00f3n por el turismo<\/strong>: Amamos lo que hacemos, y esa pasi\u00f3n se refleja en cada viaje que organizamos y en cada experiencia que dise\u00f1amos.<\/li><li><strong>Trabajo en equipo<\/strong>: Nos apoyamos mutuamente para garantizar que cada detalle est\u00e9 cuidado, colaborando estrechamente tanto dentro de nuestro equipo como con nuestros socios y proveedores.<\/li><\/ul>\t\t\t\t\t\t<\/div>\n\t\t\t\t<\/div>\n\t\t\t\t<div class=\"elementor-element elementor-element-31b67ce elementor-widget elementor-widget-image\" data-id=\"31b67ce\" data-element_type=\"widget\" data-widget_type=\"image.default\">\n\t\t\t\t<div class=\"elementor-widget-container\">\n\t\t\t<style>\/*! elementor - v3.14.0 - 26-06-2023 *\/\n.elementor-widget-image{text-align:center}.elementor-widget-image a{display:inline-block}.elementor-widget-image a img[src$=\".svg\"]{width:48px}.elementor-widget-image img{vertical-align:middle;display:inline-block}<\/style>\t\t\t\t\t\t\t\t\t\t\t\t<img decoding=\"async\" width=\"1271\" height=\"239\" src=\"https:\/\/taraguiviajes.com\/wp-content\/uploads\/2023\/10\/trip2-01.jpg\" class=\"attachment-full size-full wp-image-2842\" alt=\"\" loading=\"lazy\" \/>\t\t\t\t\t\t\t\t\t\t\t\t\t\t\t<\/div>\n\t\t\t\t<\/div>\n\t\t\t\t\t<\/div>\n\t\t\t\t<\/div>\n\t\t\t\t\t\t\t<\/div>\n\t\t","protected":false},"excerpt":{"rendered":"<p>\u00bfQUI\u00c9NES SOMOS? Nosotros En Tarag\u00fci Viajes, llevamos m\u00e1s de 14 a\u00f1os haciendo realidad los sue\u00f1os de nuestros clientes. Desde nuestra fundaci\u00f3n en 2008, hemos crecido y evolucionado con un solo objetivo: ofrecer experiencias de viaje que vayan m\u00e1s all\u00e1 de lo esperado. Nos especializamos en la organizaci\u00f3n de tours nacionales e internacionales, as\u00ed como en [&hellip;]<\/p>\n","protected":false},"author":1,"featured_media":0,"parent":0,"menu_order":0,"comment_status":"closed","ping_status":"closed","template":"","meta":[],"rttpg_featured_image_url":null,"rttpg_author":{"display_name":"ivan.ventas@outlook.com","author_link":"https:\/\/taraguiviajes.com\/index.php\/author\/ivan-ventasoutlook-com\/"},"rttpg_comment":0,"rttpg_category":null,"rttpg_excerpt":"\u00bfQUI\u00c9NES SOMOS? Nosotros En Tarag\u00fci Viajes, llevamos m\u00e1s de 14 a\u00f1os haciendo realidad los sue\u00f1os de nuestros clientes. Desde nuestra fundaci\u00f3n en 2008, hemos crecido y evolucionado con un solo objetivo: ofrecer experiencias de viaje que vayan m\u00e1s all\u00e1 de lo esperado. Nos especializamos en la organizaci\u00f3n de tours nacionales e internacionales, as\u00ed como en&hellip;","_links":{"self":[{"href":"https:\/\/taraguiviajes.com\/index.php\/wp-json\/wp\/v2\/pages\/2338"}],"collection":[{"href":"https:\/\/taraguiviajes.com\/index.php\/wp-json\/wp\/v2\/pages"}],"about":[{"href":"https:\/\/taraguiviajes.com\/index.php\/wp-json\/wp\/v2\/types\/page"}],"author":[{"embeddable":true,"href":"https:\/\/taraguiviajes.com\/index.php\/wp-json\/wp\/v2\/users\/1"}],"replies":[{"embeddable":true,"href":"https:\/\/taraguiviajes.com\/index.php\/wp-json\/wp\/v2\/comments?post=2338"}],"version-history":[{"count":34,"href":"https:\/\/taraguiviajes.com\/index.php\/wp-json\/wp\/v2\/pages\/2338\/revisions"}],"predecessor-version":[{"id":2985,"href":"https:\/\/taraguiviajes.com\/index.php\/wp-json\/wp\/v2\/pages\/2338\/revisions\/2985"}],"wp:attachment":[{"href":"https:\/\/taraguiviajes.com\/index.php\/wp-json\/wp\/v2\/media?parent=2338"}],"curies":[{"name":"wp","href":"https:\/\/api.w.org\/{rel}","templated":true}]}}